{"id":8869,"date":"2016-08-02T12:48:36","date_gmt":"2016-08-02T10:48:36","guid":{"rendered":"http:\/\/scholarbook.alphatier.de\/fr\/scholarbook\/jobs\/"},"modified":"2024-04-19T14:15:21","modified_gmt":"2024-04-19T12:15:21","slug":"jobs","status":"publish","type":"page","link":"https:\/\/official.scholarbook.net\/fr\/lagence-scholarbook\/jobs\/","title":{"rendered":"Jobs"},"content":{"rendered":"","protected":false},"excerpt":{"rendered":"","protected":false},"author":79,"featured_media":0,"parent":8362,"menu_order":0,"comment_status":"closed","ping_status":"closed","template":"templates\/unterseite.php","meta":{"_acf_changed":false,"footnotes":""},"class_list":["post-8869","page","type-page","status-publish","hentry"],"acf":[],"yoast_head":"<!-- This site is optimized with the Yoast SEO plugin v23.7 - https:\/\/yoast.com\/wordpress\/plugins\/seo\/ -->\n<title>Les offre d&#039;emplois de Scholarbook: personnalit\u00e9s recherch\u00e9es!<\/title>\n<meta name=\"description\" content=\"Scholarbook est une entreprise dynamique toujours \u00e0 la recherche de personnalit\u00e9s pour servir toujours au mieux nos athl\u00e8tes\" \/>\n<meta name=\"robots\" content=\"noindex, follow, max-snippet:-1, max-image-preview:large, max-video-preview:-1\" \/>\n<meta property=\"og:locale\" content=\"fr_FR\" \/>\n<meta property=\"og:type\" content=\"article\" \/>\n<meta property=\"og:title\" content=\"Les offre d&#039;emplois de Scholarbook: personnalit\u00e9s recherch\u00e9es!\" \/>\n<meta property=\"og:description\" content=\"Scholarbook est une entreprise dynamique toujours \u00e0 la recherche de personnalit\u00e9s pour servir toujours au mieux nos athl\u00e8tes\" \/>\n<meta property=\"og:url\" content=\"https:\/\/official.scholarbook.net\/fr\/?page_id=8869\" \/>\n<meta property=\"og:site_name\" content=\"Scholarbook\" \/>\n<meta property=\"article:modified_time\" content=\"2024-04-19T12:15:21+00:00\" \/>\n<meta name=\"twitter:card\" content=\"summary_large_image\" \/>\n<!-- \/ Yoast SEO plugin. -->","yoast_head_json":{"title":"Les offre d'emplois de Scholarbook: personnalit\u00e9s recherch\u00e9es!","description":"Scholarbook est une entreprise dynamique toujours \u00e0 la recherche de personnalit\u00e9s pour servir toujours au mieux nos athl\u00e8tes","robots":{"index":"noindex","follow":"follow","max-snippet":"max-snippet:-1","max-image-preview":"max-image-preview:large","max-video-preview":"max-video-preview:-1"},"og_locale":"fr_FR","og_type":"article","og_title":"Les offre d'emplois de Scholarbook: personnalit\u00e9s recherch\u00e9es!","og_description":"Scholarbook est une entreprise dynamique toujours \u00e0 la recherche de personnalit\u00e9s pour servir toujours au mieux nos athl\u00e8tes","og_url":"https:\/\/official.scholarbook.net\/fr\/?page_id=8869","og_site_name":"Scholarbook","article_modified_time":"2024-04-19T12:15:21+00:00","twitter_card":"summary_large_image","schema":{"@context":"https:\/\/schema.org","@graph":[{"@type":"WebPage","@id":"https:\/\/official.scholarbook.net\/fr\/?page_id=8869","url":"https:\/\/official.scholarbook.net\/fr\/?page_id=8869","name":"Les offre d'emplois de Scholarbook: personnalit\u00e9s recherch\u00e9es!","isPartOf":{"@id":"https:\/\/official.scholarbook.net\/de\/#website"},"datePublished":"2016-08-02T10:48:36+00:00","dateModified":"2024-04-19T12:15:21+00:00","description":"Scholarbook est une entreprise dynamique toujours \u00e0 la recherche de personnalit\u00e9s pour servir toujours au mieux nos athl\u00e8tes","breadcrumb":{"@id":"https:\/\/official.scholarbook.net\/fr\/?page_id=8869#breadcrumb"},"inLanguage":"fr-FR","potentialAction":[{"@type":"ReadAction","target":["https:\/\/official.scholarbook.net\/fr\/?page_id=8869"]}]},{"@type":"BreadcrumbList","@id":"https:\/\/official.scholarbook.net\/fr\/?page_id=8869#breadcrumb","itemListElement":[{"@type":"ListItem","position":1,"name":"Startseite","item":"https:\/\/official.scholarbook.net\/de\/"},{"@type":"ListItem","position":2,"name":"Scholarbook","item":"https:\/\/official.scholarbook.net\/fr\/?page_id=8362"},{"@type":"ListItem","position":3,"name":"Jobs"}]},{"@type":"WebSite","@id":"https:\/\/official.scholarbook.net\/de\/#website","url":"https:\/\/official.scholarbook.net\/de\/","name":"Scholarbook","description":"Sportstipendien USA","publisher":{"@id":"https:\/\/official.scholarbook.net\/de\/#organization"},"potentialAction":[{"@type":"SearchAction","target":{"@type":"EntryPoint","urlTemplate":"https:\/\/official.scholarbook.net\/de\/?s={search_term_string}"},"query-input":{"@type":"PropertyValueSpecification","valueRequired":true,"valueName":"search_term_string"}}],"inLanguage":"fr-FR"},{"@type":"Organization","@id":"https:\/\/official.scholarbook.net\/de\/#organization","name":"Scholarbook","url":"https:\/\/official.scholarbook.net\/de\/","logo":{"@type":"ImageObject","inLanguage":"fr-FR","@id":"https:\/\/official.scholarbook.net\/de\/#\/schema\/logo\/image\/","url":"https:\/\/official.scholarbook.net\/content\/uploads\/logo.jpg","contentUrl":"https:\/\/official.scholarbook.net\/content\/uploads\/logo.jpg","width":936,"height":200,"caption":"Scholarbook"},"image":{"@id":"https:\/\/official.scholarbook.net\/de\/#\/schema\/logo\/image\/"}}]}},"_links":{"self":[{"href":"https:\/\/official.scholarbook.net\/fr\/wp-json\/wp\/v2\/pages\/8869"}],"collection":[{"href":"https:\/\/official.scholarbook.net\/fr\/wp-json\/wp\/v2\/pages"}],"about":[{"href":"https:\/\/official.scholarbook.net\/fr\/wp-json\/wp\/v2\/types\/page"}],"author":[{"embeddable":true,"href":"https:\/\/official.scholarbook.net\/fr\/wp-json\/wp\/v2\/users\/79"}],"replies":[{"embeddable":true,"href":"https:\/\/official.scholarbook.net\/fr\/wp-json\/wp\/v2\/comments?post=8869"}],"version-history":[{"count":6,"href":"https:\/\/official.scholarbook.net\/fr\/wp-json\/wp\/v2\/pages\/8869\/revisions"}],"predecessor-version":[{"id":10049,"href":"https:\/\/official.scholarbook.net\/fr\/wp-json\/wp\/v2\/pages\/8869\/revisions\/10049"}],"up":[{"embeddable":true,"href":"https:\/\/official.scholarbook.net\/fr\/wp-json\/wp\/v2\/pages\/8362"}],"wp:attachment":[{"href":"https:\/\/official.scholarbook.net\/fr\/wp-json\/wp\/v2\/media?parent=8869"}],"curies":[{"name":"wp","href":"https:\/\/api.w.org\/{rel}","templated":true}]}}