{"id":8342,"date":"2016-07-30T23:48:31","date_gmt":"2016-07-30T21:48:31","guid":{"rendered":"http:\/\/scholarbook.alphatier.de\/fr\/referenzen\/"},"modified":"2024-04-19T14:14:10","modified_gmt":"2024-04-19T12:14:10","slug":"references","status":"publish","type":"page","link":"https:\/\/official.scholarbook.net\/fr\/references\/","title":{"rendered":"R\u00e9f\u00e9rences"},"content":{"rendered":"","protected":false},"excerpt":{"rendered":"","protected":false},"author":79,"featured_media":0,"parent":0,"menu_order":0,"comment_status":"closed","ping_status":"closed","template":"templates\/unterseite.php","meta":{"_acf_changed":false,"footnotes":""},"class_list":["post-8342","page","type-page","status-publish","hentry"],"acf":[],"yoast_head":"<!-- This site is optimized with the Yoast SEO plugin v23.7 - https:\/\/yoast.com\/wordpress\/plugins\/seo\/ -->\n<title>Les t\u00e9moignages: sportifs d\u00e9j\u00e0 partis aux USA gr\u00e2ce \u00e0 Scholarbook, leader du march\u00e9.<\/title>\n<meta name=\"description\" content=\"\u00c0 la d\u00e9couverte de ces jeunes qui vivent le r\u00eave am\u00e9ricain gr\u00e2ce \u00e0 Scholarbook. Tous les t\u00e9moignages, avis d&#039;experts sportifs et revues de presse.\" \/>\n<meta name=\"robots\" content=\"noindex, follow, max-snippet:-1, max-image-preview:large, max-video-preview:-1\" \/>\n<meta property=\"og:locale\" content=\"fr_FR\" \/>\n<meta property=\"og:type\" content=\"article\" \/>\n<meta property=\"og:title\" content=\"Les t\u00e9moignages: sportifs d\u00e9j\u00e0 partis aux USA gr\u00e2ce \u00e0 Scholarbook, leader du march\u00e9.\" \/>\n<meta property=\"og:description\" content=\"\u00c0 la d\u00e9couverte de ces jeunes qui vivent le r\u00eave am\u00e9ricain gr\u00e2ce \u00e0 Scholarbook. Tous les t\u00e9moignages, avis d&#039;experts sportifs et revues de presse.\" \/>\n<meta property=\"og:url\" content=\"https:\/\/official.scholarbook.net\/fr\/?page_id=8342\" \/>\n<meta property=\"og:site_name\" content=\"Scholarbook\" \/>\n<meta property=\"article:modified_time\" content=\"2024-04-19T12:14:10+00:00\" \/>\n<meta name=\"twitter:card\" content=\"summary_large_image\" \/>\n<!-- \/ Yoast SEO plugin. -->","yoast_head_json":{"title":"Les t\u00e9moignages: sportifs d\u00e9j\u00e0 partis aux USA gr\u00e2ce \u00e0 Scholarbook, leader du march\u00e9.","description":"\u00c0 la d\u00e9couverte de ces jeunes qui vivent le r\u00eave am\u00e9ricain gr\u00e2ce \u00e0 Scholarbook. Tous les t\u00e9moignages, avis d'experts sportifs et revues de presse.","robots":{"index":"noindex","follow":"follow","max-snippet":"max-snippet:-1","max-image-preview":"max-image-preview:large","max-video-preview":"max-video-preview:-1"},"og_locale":"fr_FR","og_type":"article","og_title":"Les t\u00e9moignages: sportifs d\u00e9j\u00e0 partis aux USA gr\u00e2ce \u00e0 Scholarbook, leader du march\u00e9.","og_description":"\u00c0 la d\u00e9couverte de ces jeunes qui vivent le r\u00eave am\u00e9ricain gr\u00e2ce \u00e0 Scholarbook. Tous les t\u00e9moignages, avis d'experts sportifs et revues de presse.","og_url":"https:\/\/official.scholarbook.net\/fr\/?page_id=8342","og_site_name":"Scholarbook","article_modified_time":"2024-04-19T12:14:10+00:00","twitter_card":"summary_large_image","schema":{"@context":"https:\/\/schema.org","@graph":[{"@type":"WebPage","@id":"https:\/\/official.scholarbook.net\/fr\/?page_id=8342","url":"https:\/\/official.scholarbook.net\/fr\/?page_id=8342","name":"Les t\u00e9moignages: sportifs d\u00e9j\u00e0 partis aux USA gr\u00e2ce \u00e0 Scholarbook, leader du march\u00e9.","isPartOf":{"@id":"https:\/\/official.scholarbook.net\/de\/#website"},"datePublished":"2016-07-30T21:48:31+00:00","dateModified":"2024-04-19T12:14:10+00:00","description":"\u00c0 la d\u00e9couverte de ces jeunes qui vivent le r\u00eave am\u00e9ricain gr\u00e2ce \u00e0 Scholarbook. Tous les t\u00e9moignages, avis d'experts sportifs et revues de presse.","breadcrumb":{"@id":"https:\/\/official.scholarbook.net\/fr\/?page_id=8342#breadcrumb"},"inLanguage":"fr-FR","potentialAction":[{"@type":"ReadAction","target":["https:\/\/official.scholarbook.net\/fr\/?page_id=8342"]}]},{"@type":"BreadcrumbList","@id":"https:\/\/official.scholarbook.net\/fr\/?page_id=8342#breadcrumb","itemListElement":[{"@type":"ListItem","position":1,"name":"Startseite","item":"https:\/\/official.scholarbook.net\/de\/"},{"@type":"ListItem","position":2,"name":"R\u00e9f\u00e9rences"}]},{"@type":"WebSite","@id":"https:\/\/official.scholarbook.net\/de\/#website","url":"https:\/\/official.scholarbook.net\/de\/","name":"Scholarbook","description":"Sportstipendien USA","publisher":{"@id":"https:\/\/official.scholarbook.net\/de\/#organization"},"potentialAction":[{"@type":"SearchAction","target":{"@type":"EntryPoint","urlTemplate":"https:\/\/official.scholarbook.net\/de\/?s={search_term_string}"},"query-input":{"@type":"PropertyValueSpecification","valueRequired":true,"valueName":"search_term_string"}}],"inLanguage":"fr-FR"},{"@type":"Organization","@id":"https:\/\/official.scholarbook.net\/de\/#organization","name":"Scholarbook","url":"https:\/\/official.scholarbook.net\/de\/","logo":{"@type":"ImageObject","inLanguage":"fr-FR","@id":"https:\/\/official.scholarbook.net\/de\/#\/schema\/logo\/image\/","url":"https:\/\/official.scholarbook.net\/content\/uploads\/logo.jpg","contentUrl":"https:\/\/official.scholarbook.net\/content\/uploads\/logo.jpg","width":936,"height":200,"caption":"Scholarbook"},"image":{"@id":"https:\/\/official.scholarbook.net\/de\/#\/schema\/logo\/image\/"}}]}},"_links":{"self":[{"href":"https:\/\/official.scholarbook.net\/fr\/wp-json\/wp\/v2\/pages\/8342"}],"collection":[{"href":"https:\/\/official.scholarbook.net\/fr\/wp-json\/wp\/v2\/pages"}],"about":[{"href":"https:\/\/official.scholarbook.net\/fr\/wp-json\/wp\/v2\/types\/page"}],"author":[{"embeddable":true,"href":"https:\/\/official.scholarbook.net\/fr\/wp-json\/wp\/v2\/users\/79"}],"replies":[{"embeddable":true,"href":"https:\/\/official.scholarbook.net\/fr\/wp-json\/wp\/v2\/comments?post=8342"}],"version-history":[{"count":4,"href":"https:\/\/official.scholarbook.net\/fr\/wp-json\/wp\/v2\/pages\/8342\/revisions"}],"predecessor-version":[{"id":10031,"href":"https:\/\/official.scholarbook.net\/fr\/wp-json\/wp\/v2\/pages\/8342\/revisions\/10031"}],"wp:attachment":[{"href":"https:\/\/official.scholarbook.net\/fr\/wp-json\/wp\/v2\/media?parent=8342"}],"curies":[{"name":"wp","href":"https:\/\/api.w.org\/{rel}","templated":true}]}}