{"id":8318,"date":"2016-07-31T13:20:22","date_gmt":"2016-07-31T11:20:22","guid":{"rendered":"http:\/\/scholarbook.alphatier.de\/fr\/kunden\/"},"modified":"2024-04-19T14:14:07","modified_gmt":"2024-04-19T12:14:07","slug":"clients","status":"publish","type":"page","link":"https:\/\/official.scholarbook.net\/fr\/clients\/","title":{"rendered":"Clients"},"content":{"rendered":"","protected":false},"excerpt":{"rendered":"","protected":false},"author":79,"featured_media":0,"parent":0,"menu_order":0,"comment_status":"closed","ping_status":"closed","template":"templates\/unterseite.php","meta":{"_acf_changed":false,"footnotes":""},"class_list":["post-8318","page","type-page","status-publish","hentry"],"acf":[],"yoast_head":"<!-- This site is optimized with the Yoast SEO plugin v23.7 - https:\/\/yoast.com\/wordpress\/plugins\/seo\/ -->\n<title>Les sportifs qui ont obtenus leur bourse d&#039;\u00e9tudes parlent de Scholarbook<\/title>\n<meta name=\"description\" content=\"Scholarbook a obtenu plus de 1250 bourse d&#039;\u00e9tudes, voici les t\u00e9moignages de certains de nos sportifs heureux et satisfait de notre service\" \/>\n<meta name=\"robots\" content=\"noindex, follow, max-snippet:-1, max-image-preview:large, max-video-preview:-1\" \/>\n<meta property=\"og:locale\" content=\"fr_FR\" \/>\n<meta property=\"og:type\" content=\"article\" \/>\n<meta property=\"og:title\" content=\"Les sportifs qui ont obtenus leur bourse d&#039;\u00e9tudes parlent de Scholarbook\" \/>\n<meta property=\"og:description\" content=\"Scholarbook a obtenu plus de 1250 bourse d&#039;\u00e9tudes, voici les t\u00e9moignages de certains de nos sportifs heureux et satisfait de notre service\" \/>\n<meta property=\"og:url\" content=\"https:\/\/official.scholarbook.net\/fr\/?page_id=8318\" \/>\n<meta property=\"og:site_name\" content=\"Scholarbook\" \/>\n<meta property=\"article:modified_time\" content=\"2024-04-19T12:14:07+00:00\" \/>\n<meta name=\"twitter:card\" content=\"summary_large_image\" \/>\n<!-- \/ Yoast SEO plugin. -->","yoast_head_json":{"title":"Les sportifs qui ont obtenus leur bourse d'\u00e9tudes parlent de Scholarbook","description":"Scholarbook a obtenu plus de 1250 bourse d'\u00e9tudes, voici les t\u00e9moignages de certains de nos sportifs heureux et satisfait de notre service","robots":{"index":"noindex","follow":"follow","max-snippet":"max-snippet:-1","max-image-preview":"max-image-preview:large","max-video-preview":"max-video-preview:-1"},"og_locale":"fr_FR","og_type":"article","og_title":"Les sportifs qui ont obtenus leur bourse d'\u00e9tudes parlent de Scholarbook","og_description":"Scholarbook a obtenu plus de 1250 bourse d'\u00e9tudes, voici les t\u00e9moignages de certains de nos sportifs heureux et satisfait de notre service","og_url":"https:\/\/official.scholarbook.net\/fr\/?page_id=8318","og_site_name":"Scholarbook","article_modified_time":"2024-04-19T12:14:07+00:00","twitter_card":"summary_large_image","schema":{"@context":"https:\/\/schema.org","@graph":[{"@type":"WebPage","@id":"https:\/\/official.scholarbook.net\/fr\/?page_id=8318","url":"https:\/\/official.scholarbook.net\/fr\/?page_id=8318","name":"Les sportifs qui ont obtenus leur bourse d'\u00e9tudes parlent de Scholarbook","isPartOf":{"@id":"https:\/\/official.scholarbook.net\/de\/#website"},"datePublished":"2016-07-31T11:20:22+00:00","dateModified":"2024-04-19T12:14:07+00:00","description":"Scholarbook a obtenu plus de 1250 bourse d'\u00e9tudes, voici les t\u00e9moignages de certains de nos sportifs heureux et satisfait de notre service","breadcrumb":{"@id":"https:\/\/official.scholarbook.net\/fr\/?page_id=8318#breadcrumb"},"inLanguage":"fr-FR","potentialAction":[{"@type":"ReadAction","target":["https:\/\/official.scholarbook.net\/fr\/?page_id=8318"]}]},{"@type":"BreadcrumbList","@id":"https:\/\/official.scholarbook.net\/fr\/?page_id=8318#breadcrumb","itemListElement":[{"@type":"ListItem","position":1,"name":"Startseite","item":"https:\/\/official.scholarbook.net\/de\/"},{"@type":"ListItem","position":2,"name":"Clients"}]},{"@type":"WebSite","@id":"https:\/\/official.scholarbook.net\/de\/#website","url":"https:\/\/official.scholarbook.net\/de\/","name":"Scholarbook","description":"Sportstipendien USA","publisher":{"@id":"https:\/\/official.scholarbook.net\/de\/#organization"},"potentialAction":[{"@type":"SearchAction","target":{"@type":"EntryPoint","urlTemplate":"https:\/\/official.scholarbook.net\/de\/?s={search_term_string}"},"query-input":{"@type":"PropertyValueSpecification","valueRequired":true,"valueName":"search_term_string"}}],"inLanguage":"fr-FR"},{"@type":"Organization","@id":"https:\/\/official.scholarbook.net\/de\/#organization","name":"Scholarbook","url":"https:\/\/official.scholarbook.net\/de\/","logo":{"@type":"ImageObject","inLanguage":"fr-FR","@id":"https:\/\/official.scholarbook.net\/de\/#\/schema\/logo\/image\/","url":"https:\/\/official.scholarbook.net\/content\/uploads\/logo.jpg","contentUrl":"https:\/\/official.scholarbook.net\/content\/uploads\/logo.jpg","width":936,"height":200,"caption":"Scholarbook"},"image":{"@id":"https:\/\/official.scholarbook.net\/de\/#\/schema\/logo\/image\/"}}]}},"_links":{"self":[{"href":"https:\/\/official.scholarbook.net\/fr\/wp-json\/wp\/v2\/pages\/8318"}],"collection":[{"href":"https:\/\/official.scholarbook.net\/fr\/wp-json\/wp\/v2\/pages"}],"about":[{"href":"https:\/\/official.scholarbook.net\/fr\/wp-json\/wp\/v2\/types\/page"}],"author":[{"embeddable":true,"href":"https:\/\/official.scholarbook.net\/fr\/wp-json\/wp\/v2\/users\/79"}],"replies":[{"embeddable":true,"href":"https:\/\/official.scholarbook.net\/fr\/wp-json\/wp\/v2\/comments?post=8318"}],"version-history":[{"count":27,"href":"https:\/\/official.scholarbook.net\/fr\/wp-json\/wp\/v2\/pages\/8318\/revisions"}],"predecessor-version":[{"id":15049,"href":"https:\/\/official.scholarbook.net\/fr\/wp-json\/wp\/v2\/pages\/8318\/revisions\/15049"}],"wp:attachment":[{"href":"https:\/\/official.scholarbook.net\/fr\/wp-json\/wp\/v2\/media?parent=8318"}],"curies":[{"name":"wp","href":"https:\/\/api.w.org\/{rel}","templated":true}]}}