{"id":8200,"date":"2016-07-31T13:38:13","date_gmt":"2016-07-31T11:38:13","guid":{"rendered":"http:\/\/scholarbook.alphatier.de\/fr\/presse\/"},"modified":"2024-04-19T14:13:56","modified_gmt":"2024-04-19T12:13:56","slug":"dans-la-presse","status":"publish","type":"page","link":"https:\/\/official.scholarbook.net\/fr\/dans-la-presse\/","title":{"rendered":"Presse"},"content":{"rendered":"","protected":false},"excerpt":{"rendered":"","protected":false},"author":79,"featured_media":0,"parent":0,"menu_order":0,"comment_status":"closed","ping_status":"closed","template":"templates\/unterseite.php","meta":{"_acf_changed":false,"footnotes":""},"class_list":["post-8200","page","type-page","status-publish","hentry"],"acf":[],"yoast_head":"<!-- This site is optimized with the Yoast SEO plugin v23.7 - https:\/\/yoast.com\/wordpress\/plugins\/seo\/ -->\n<title>Lorsque la presse parle de Scholarbook: extraits locaux et nationaux<\/title>\n<meta name=\"description\" content=\"La pr\u00e9sence de Scholarbook dans la presse accorde une certaine authenticit\u00e9 au projet propos\u00e9. Faites confiance au leader du march\u00e9.\" \/>\n<meta name=\"robots\" content=\"noindex, follow, max-snippet:-1, max-image-preview:large, max-video-preview:-1\" \/>\n<meta property=\"og:locale\" content=\"fr_FR\" \/>\n<meta property=\"og:type\" content=\"article\" \/>\n<meta property=\"og:title\" content=\"Lorsque la presse parle de Scholarbook: extraits locaux et nationaux\" \/>\n<meta property=\"og:description\" content=\"La pr\u00e9sence de Scholarbook dans la presse accorde une certaine authenticit\u00e9 au projet propos\u00e9. Faites confiance au leader du march\u00e9.\" \/>\n<meta property=\"og:url\" content=\"https:\/\/official.scholarbook.net\/fr\/?page_id=8200\" \/>\n<meta property=\"og:site_name\" content=\"Scholarbook\" \/>\n<meta property=\"article:modified_time\" content=\"2024-04-19T12:13:56+00:00\" \/>\n<meta name=\"twitter:card\" content=\"summary_large_image\" \/>\n<!-- \/ Yoast SEO plugin. -->","yoast_head_json":{"title":"Lorsque la presse parle de Scholarbook: extraits locaux et nationaux","description":"La pr\u00e9sence de Scholarbook dans la presse accorde une certaine authenticit\u00e9 au projet propos\u00e9. Faites confiance au leader du march\u00e9.","robots":{"index":"noindex","follow":"follow","max-snippet":"max-snippet:-1","max-image-preview":"max-image-preview:large","max-video-preview":"max-video-preview:-1"},"og_locale":"fr_FR","og_type":"article","og_title":"Lorsque la presse parle de Scholarbook: extraits locaux et nationaux","og_description":"La pr\u00e9sence de Scholarbook dans la presse accorde une certaine authenticit\u00e9 au projet propos\u00e9. Faites confiance au leader du march\u00e9.","og_url":"https:\/\/official.scholarbook.net\/fr\/?page_id=8200","og_site_name":"Scholarbook","article_modified_time":"2024-04-19T12:13:56+00:00","twitter_card":"summary_large_image","schema":{"@context":"https:\/\/schema.org","@graph":[{"@type":"WebPage","@id":"https:\/\/official.scholarbook.net\/fr\/?page_id=8200","url":"https:\/\/official.scholarbook.net\/fr\/?page_id=8200","name":"Lorsque la presse parle de Scholarbook: extraits locaux et nationaux","isPartOf":{"@id":"https:\/\/official.scholarbook.net\/de\/#website"},"datePublished":"2016-07-31T11:38:13+00:00","dateModified":"2024-04-19T12:13:56+00:00","description":"La pr\u00e9sence de Scholarbook dans la presse accorde une certaine authenticit\u00e9 au projet propos\u00e9. Faites confiance au leader du march\u00e9.","breadcrumb":{"@id":"https:\/\/official.scholarbook.net\/fr\/?page_id=8200#breadcrumb"},"inLanguage":"fr-FR","potentialAction":[{"@type":"ReadAction","target":["https:\/\/official.scholarbook.net\/fr\/?page_id=8200"]}]},{"@type":"BreadcrumbList","@id":"https:\/\/official.scholarbook.net\/fr\/?page_id=8200#breadcrumb","itemListElement":[{"@type":"ListItem","position":1,"name":"Startseite","item":"https:\/\/official.scholarbook.net\/de\/"},{"@type":"ListItem","position":2,"name":"Presse"}]},{"@type":"WebSite","@id":"https:\/\/official.scholarbook.net\/de\/#website","url":"https:\/\/official.scholarbook.net\/de\/","name":"Scholarbook","description":"Sportstipendien USA","publisher":{"@id":"https:\/\/official.scholarbook.net\/de\/#organization"},"potentialAction":[{"@type":"SearchAction","target":{"@type":"EntryPoint","urlTemplate":"https:\/\/official.scholarbook.net\/de\/?s={search_term_string}"},"query-input":{"@type":"PropertyValueSpecification","valueRequired":true,"valueName":"search_term_string"}}],"inLanguage":"fr-FR"},{"@type":"Organization","@id":"https:\/\/official.scholarbook.net\/de\/#organization","name":"Scholarbook","url":"https:\/\/official.scholarbook.net\/de\/","logo":{"@type":"ImageObject","inLanguage":"fr-FR","@id":"https:\/\/official.scholarbook.net\/de\/#\/schema\/logo\/image\/","url":"https:\/\/official.scholarbook.net\/content\/uploads\/logo.jpg","contentUrl":"https:\/\/official.scholarbook.net\/content\/uploads\/logo.jpg","width":936,"height":200,"caption":"Scholarbook"},"image":{"@id":"https:\/\/official.scholarbook.net\/de\/#\/schema\/logo\/image\/"}}]}},"_links":{"self":[{"href":"https:\/\/official.scholarbook.net\/fr\/wp-json\/wp\/v2\/pages\/8200"}],"collection":[{"href":"https:\/\/official.scholarbook.net\/fr\/wp-json\/wp\/v2\/pages"}],"about":[{"href":"https:\/\/official.scholarbook.net\/fr\/wp-json\/wp\/v2\/types\/page"}],"author":[{"embeddable":true,"href":"https:\/\/official.scholarbook.net\/fr\/wp-json\/wp\/v2\/users\/79"}],"replies":[{"embeddable":true,"href":"https:\/\/official.scholarbook.net\/fr\/wp-json\/wp\/v2\/comments?post=8200"}],"version-history":[{"count":11,"href":"https:\/\/official.scholarbook.net\/fr\/wp-json\/wp\/v2\/pages\/8200\/revisions"}],"predecessor-version":[{"id":15143,"href":"https:\/\/official.scholarbook.net\/fr\/wp-json\/wp\/v2\/pages\/8200\/revisions\/15143"}],"wp:attachment":[{"href":"https:\/\/official.scholarbook.net\/fr\/wp-json\/wp\/v2\/media?parent=8200"}],"curies":[{"name":"wp","href":"https:\/\/api.w.org\/{rel}","templated":true}]}}