{"id":7350,"date":"2016-08-02T12:04:37","date_gmt":"2016-08-02T10:04:37","guid":{"rendered":"http:\/\/scholarbook.alphatier.de\/?page_id=7350"},"modified":"2024-04-19T14:12:31","modified_gmt":"2024-04-19T12:12:31","slug":"golf-stipendium-usa","status":"publish","type":"page","link":"https:\/\/official.scholarbook.net\/de\/sportarten-in-den-usa\/golf-stipendium-usa\/","title":{"rendered":"Golf Stipendium in den USA"},"content":{"rendered":"","protected":false},"excerpt":{"rendered":"","protected":false},"author":79,"featured_media":0,"parent":623,"menu_order":0,"comment_status":"closed","ping_status":"closed","template":"templates\/unterseite.php","meta":{"_acf_changed":false,"footnotes":""},"class_list":["post-7350","page","type-page","status-publish","hentry"],"acf":[],"yoast_head":"<!-- This site is optimized with the Yoast SEO plugin v23.7 - https:\/\/yoast.com\/wordpress\/plugins\/seo\/ -->\n<title>Golf Stipendium in den USA - Scholarbook<\/title>\n<meta name=\"description\" content=\"Scholarbook ist der f\u00fchrende Anbieter f\u00fcr Golf-Stipendien an amerikanischen Colleges. Jetzt deine Chancen auf ein Stipendium individuell sch\u00e4tzen lassen!\" \/>\n<meta name=\"robots\" content=\"noindex, follow, max-snippet:-1, max-image-preview:large, max-video-preview:-1\" \/>\n<meta property=\"og:locale\" content=\"de_DE\" \/>\n<meta property=\"og:type\" content=\"article\" \/>\n<meta property=\"og:title\" content=\"Golf Stipendium in den USA - Scholarbook\" \/>\n<meta property=\"og:description\" content=\"Scholarbook ist der f\u00fchrende Anbieter f\u00fcr Golf-Stipendien an amerikanischen Colleges. Jetzt deine Chancen auf ein Stipendium individuell sch\u00e4tzen lassen!\" \/>\n<meta property=\"og:url\" content=\"https:\/\/official.scholarbook.net\/de\/?page_id=7350\" \/>\n<meta property=\"og:site_name\" content=\"Scholarbook\" \/>\n<meta property=\"article:modified_time\" content=\"2024-04-19T12:12:31+00:00\" \/>\n<meta name=\"twitter:card\" content=\"summary_large_image\" \/>\n<!-- \/ Yoast SEO plugin. -->","yoast_head_json":{"title":"Golf Stipendium in den USA - Scholarbook","description":"Scholarbook ist der f\u00fchrende Anbieter f\u00fcr Golf-Stipendien an amerikanischen Colleges. Jetzt deine Chancen auf ein Stipendium individuell sch\u00e4tzen lassen!","robots":{"index":"noindex","follow":"follow","max-snippet":"max-snippet:-1","max-image-preview":"max-image-preview:large","max-video-preview":"max-video-preview:-1"},"og_locale":"de_DE","og_type":"article","og_title":"Golf Stipendium in den USA - Scholarbook","og_description":"Scholarbook ist der f\u00fchrende Anbieter f\u00fcr Golf-Stipendien an amerikanischen Colleges. Jetzt deine Chancen auf ein Stipendium individuell sch\u00e4tzen lassen!","og_url":"https:\/\/official.scholarbook.net\/de\/?page_id=7350","og_site_name":"Scholarbook","article_modified_time":"2024-04-19T12:12:31+00:00","twitter_card":"summary_large_image","schema":{"@context":"https:\/\/schema.org","@graph":[{"@type":"WebPage","@id":"https:\/\/official.scholarbook.net\/de\/?page_id=7350","url":"https:\/\/official.scholarbook.net\/de\/?page_id=7350","name":"Golf Stipendium in den USA - Scholarbook","isPartOf":{"@id":"https:\/\/official.scholarbook.net\/de\/#website"},"datePublished":"2016-08-02T10:04:37+00:00","dateModified":"2024-04-19T12:12:31+00:00","description":"Scholarbook ist der f\u00fchrende Anbieter f\u00fcr Golf-Stipendien an amerikanischen Colleges. Jetzt deine Chancen auf ein Stipendium individuell sch\u00e4tzen lassen!","breadcrumb":{"@id":"https:\/\/official.scholarbook.net\/de\/?page_id=7350#breadcrumb"},"inLanguage":"de-DE","potentialAction":[{"@type":"ReadAction","target":["https:\/\/official.scholarbook.net\/de\/?page_id=7350"]}]},{"@type":"BreadcrumbList","@id":"https:\/\/official.scholarbook.net\/de\/?page_id=7350#breadcrumb","itemListElement":[{"@type":"ListItem","position":1,"name":"Startseite","item":"https:\/\/official.scholarbook.net\/de\/"},{"@type":"ListItem","position":2,"name":"Sportarten f\u00fcr ein Stipendium in den USA","item":"https:\/\/official.scholarbook.net\/de\/?page_id=623"},{"@type":"ListItem","position":3,"name":"Golf Stipendium in den USA"}]},{"@type":"WebSite","@id":"https:\/\/official.scholarbook.net\/de\/#website","url":"https:\/\/official.scholarbook.net\/de\/","name":"Scholarbook","description":"Sportstipendien USA","publisher":{"@id":"https:\/\/official.scholarbook.net\/de\/#organization"},"potentialAction":[{"@type":"SearchAction","target":{"@type":"EntryPoint","urlTemplate":"https:\/\/official.scholarbook.net\/de\/?s={search_term_string}"},"query-input":{"@type":"PropertyValueSpecification","valueRequired":true,"valueName":"search_term_string"}}],"inLanguage":"de-DE"},{"@type":"Organization","@id":"https:\/\/official.scholarbook.net\/de\/#organization","name":"Scholarbook","url":"https:\/\/official.scholarbook.net\/de\/","logo":{"@type":"ImageObject","inLanguage":"de-DE","@id":"https:\/\/official.scholarbook.net\/de\/#\/schema\/logo\/image\/","url":"https:\/\/official.scholarbook.net\/content\/uploads\/logo.jpg","contentUrl":"https:\/\/official.scholarbook.net\/content\/uploads\/logo.jpg","width":936,"height":200,"caption":"Scholarbook"},"image":{"@id":"https:\/\/official.scholarbook.net\/de\/#\/schema\/logo\/image\/"}}]}},"_links":{"self":[{"href":"https:\/\/official.scholarbook.net\/de\/wp-json\/wp\/v2\/pages\/7350"}],"collection":[{"href":"https:\/\/official.scholarbook.net\/de\/wp-json\/wp\/v2\/pages"}],"about":[{"href":"https:\/\/official.scholarbook.net\/de\/wp-json\/wp\/v2\/types\/page"}],"author":[{"embeddable":true,"href":"https:\/\/official.scholarbook.net\/de\/wp-json\/wp\/v2\/users\/79"}],"replies":[{"embeddable":true,"href":"https:\/\/official.scholarbook.net\/de\/wp-json\/wp\/v2\/comments?post=7350"}],"version-history":[{"count":1,"href":"https:\/\/official.scholarbook.net\/de\/wp-json\/wp\/v2\/pages\/7350\/revisions"}],"predecessor-version":[{"id":9509,"href":"https:\/\/official.scholarbook.net\/de\/wp-json\/wp\/v2\/pages\/7350\/revisions\/9509"}],"up":[{"embeddable":true,"href":"https:\/\/official.scholarbook.net\/de\/wp-json\/wp\/v2\/pages\/623"}],"wp:attachment":[{"href":"https:\/\/official.scholarbook.net\/de\/wp-json\/wp\/v2\/media?parent=7350"}],"curies":[{"name":"wp","href":"https:\/\/api.w.org\/{rel}","templated":true}]}}