{"id":316,"date":"2016-07-27T11:59:06","date_gmt":"2016-07-27T09:59:06","guid":{"rendered":"http:\/\/scholarbook.alphatier.de\/?page_id=316"},"modified":"2024-04-19T14:11:49","modified_gmt":"2024-04-19T12:11:49","slug":"unsere-staerken","status":"publish","type":"page","link":"https:\/\/official.scholarbook.net\/de\/scholarbook\/unsere-staerken\/","title":{"rendered":"Unsere St\u00e4rken"},"content":{"rendered":"","protected":false},"excerpt":{"rendered":"","protected":false},"author":79,"featured_media":0,"parent":177,"menu_order":0,"comment_status":"closed","ping_status":"closed","template":"templates\/unterseite.php","meta":{"_acf_changed":false,"footnotes":""},"class_list":["post-316","page","type-page","status-publish","hentry"],"acf":[],"yoast_head":"<!-- This site is optimized with the Yoast SEO plugin v23.7 - https:\/\/yoast.com\/wordpress\/plugins\/seo\/ -->\n<title>Unsere St\u00e4rken - Scholarbook<\/title>\n<meta name=\"description\" content=\"\u00dcber 1,000 vermittelte Sportler, individuelle Betreuung aller Athleten und pers\u00f6nlicher Kontakt zu 10,000 Trainern - bei Scholarbook stehst nur DU im Fokus.\" \/>\n<meta name=\"robots\" content=\"noindex, follow, max-snippet:-1, max-image-preview:large, max-video-preview:-1\" \/>\n<meta property=\"og:locale\" content=\"de_DE\" \/>\n<meta property=\"og:type\" content=\"article\" \/>\n<meta property=\"og:title\" content=\"Unsere St\u00e4rken - Scholarbook\" \/>\n<meta property=\"og:description\" content=\"\u00dcber 1,000 vermittelte Sportler, individuelle Betreuung aller Athleten und pers\u00f6nlicher Kontakt zu 10,000 Trainern - bei Scholarbook stehst nur DU im Fokus.\" \/>\n<meta property=\"og:url\" content=\"https:\/\/official.scholarbook.net\/de\/?page_id=316\" \/>\n<meta property=\"og:site_name\" content=\"Scholarbook\" \/>\n<meta property=\"article:modified_time\" content=\"2024-04-19T12:11:49+00:00\" \/>\n<meta name=\"twitter:card\" content=\"summary_large_image\" \/>\n<!-- \/ Yoast SEO plugin. -->","yoast_head_json":{"title":"Unsere St\u00e4rken - Scholarbook","description":"\u00dcber 1,000 vermittelte Sportler, individuelle Betreuung aller Athleten und pers\u00f6nlicher Kontakt zu 10,000 Trainern - bei Scholarbook stehst nur DU im Fokus.","robots":{"index":"noindex","follow":"follow","max-snippet":"max-snippet:-1","max-image-preview":"max-image-preview:large","max-video-preview":"max-video-preview:-1"},"og_locale":"de_DE","og_type":"article","og_title":"Unsere St\u00e4rken - Scholarbook","og_description":"\u00dcber 1,000 vermittelte Sportler, individuelle Betreuung aller Athleten und pers\u00f6nlicher Kontakt zu 10,000 Trainern - bei Scholarbook stehst nur DU im Fokus.","og_url":"https:\/\/official.scholarbook.net\/de\/?page_id=316","og_site_name":"Scholarbook","article_modified_time":"2024-04-19T12:11:49+00:00","twitter_card":"summary_large_image","schema":{"@context":"https:\/\/schema.org","@graph":[{"@type":"WebPage","@id":"https:\/\/official.scholarbook.net\/de\/?page_id=316","url":"https:\/\/official.scholarbook.net\/de\/?page_id=316","name":"Unsere St\u00e4rken - Scholarbook","isPartOf":{"@id":"https:\/\/official.scholarbook.net\/de\/#website"},"datePublished":"2016-07-27T09:59:06+00:00","dateModified":"2024-04-19T12:11:49+00:00","description":"\u00dcber 1,000 vermittelte Sportler, individuelle Betreuung aller Athleten und pers\u00f6nlicher Kontakt zu 10,000 Trainern - bei Scholarbook stehst nur DU im Fokus.","breadcrumb":{"@id":"https:\/\/official.scholarbook.net\/de\/?page_id=316#breadcrumb"},"inLanguage":"de-DE","potentialAction":[{"@type":"ReadAction","target":["https:\/\/official.scholarbook.net\/de\/?page_id=316"]}]},{"@type":"BreadcrumbList","@id":"https:\/\/official.scholarbook.net\/de\/?page_id=316#breadcrumb","itemListElement":[{"@type":"ListItem","position":1,"name":"Startseite","item":"https:\/\/official.scholarbook.net\/de\/"},{"@type":"ListItem","position":2,"name":"Scholarbook","item":"https:\/\/official.scholarbook.net\/de\/?page_id=177"},{"@type":"ListItem","position":3,"name":"Unsere St\u00e4rken"}]},{"@type":"WebSite","@id":"https:\/\/official.scholarbook.net\/de\/#website","url":"https:\/\/official.scholarbook.net\/de\/","name":"Scholarbook","description":"Sportstipendien USA","publisher":{"@id":"https:\/\/official.scholarbook.net\/de\/#organization"},"potentialAction":[{"@type":"SearchAction","target":{"@type":"EntryPoint","urlTemplate":"https:\/\/official.scholarbook.net\/de\/?s={search_term_string}"},"query-input":{"@type":"PropertyValueSpecification","valueRequired":true,"valueName":"search_term_string"}}],"inLanguage":"de-DE"},{"@type":"Organization","@id":"https:\/\/official.scholarbook.net\/de\/#organization","name":"Scholarbook","url":"https:\/\/official.scholarbook.net\/de\/","logo":{"@type":"ImageObject","inLanguage":"de-DE","@id":"https:\/\/official.scholarbook.net\/de\/#\/schema\/logo\/image\/","url":"https:\/\/official.scholarbook.net\/content\/uploads\/logo.jpg","contentUrl":"https:\/\/official.scholarbook.net\/content\/uploads\/logo.jpg","width":936,"height":200,"caption":"Scholarbook"},"image":{"@id":"https:\/\/official.scholarbook.net\/de\/#\/schema\/logo\/image\/"}}]}},"_links":{"self":[{"href":"https:\/\/official.scholarbook.net\/de\/wp-json\/wp\/v2\/pages\/316"}],"collection":[{"href":"https:\/\/official.scholarbook.net\/de\/wp-json\/wp\/v2\/pages"}],"about":[{"href":"https:\/\/official.scholarbook.net\/de\/wp-json\/wp\/v2\/types\/page"}],"author":[{"embeddable":true,"href":"https:\/\/official.scholarbook.net\/de\/wp-json\/wp\/v2\/users\/79"}],"replies":[{"embeddable":true,"href":"https:\/\/official.scholarbook.net\/de\/wp-json\/wp\/v2\/comments?post=316"}],"version-history":[{"count":8,"href":"https:\/\/official.scholarbook.net\/de\/wp-json\/wp\/v2\/pages\/316\/revisions"}],"predecessor-version":[{"id":9859,"href":"https:\/\/official.scholarbook.net\/de\/wp-json\/wp\/v2\/pages\/316\/revisions\/9859"}],"up":[{"embeddable":true,"href":"https:\/\/official.scholarbook.net\/de\/wp-json\/wp\/v2\/pages\/177"}],"wp:attachment":[{"href":"https:\/\/official.scholarbook.net\/de\/wp-json\/wp\/v2\/media?parent=316"}],"curies":[{"name":"wp","href":"https:\/\/api.w.org\/{rel}","templated":true}]}}